{"id":6333,"date":"2021-05-03T00:26:39","date_gmt":"2021-05-02T22:26:39","guid":{"rendered":"https:\/\/lr.ambaguinee.org\/?page_id=6333"},"modified":"2022-08-27T22:41:49","modified_gmt":"2022-08-27T20:41:49","slug":"le-gouvernement","status":"publish","type":"page","link":"https:\/\/lr.ambaguinee.org\/?page_id=6333","title":{"rendered":"Le Gouvernement"},"content":{"rendered":"\t\t<div data-elementor-type=\"wp-page\" data-elementor-id=\"6333\" class=\"elementor elementor-6333\">\n\t\t\t\t\t\t\t\t\t<section class=\"elementor-section elementor-top-section elementor-element elementor-element-28d7b3ff elementor-section-boxed elementor-section-height-default elementor-section-height-default\" data-id=\"28d7b3ff\" data-element_type=\"section\">\n\t\t\t\t\t\t<div class=\"elementor-container elementor-column-gap-default\">\n\t\t\t\t\t<div class=\"elementor-column elementor-col-100 elementor-top-column elementor-element elementor-element-412daddf\" data-id=\"412daddf\" data-element_type=\"column\">\n\t\t\t<div class=\"elementor-widget-wrap elementor-element-populated\">\n\t\t\t\t\t\t\t\t<div class=\"elementor-element elementor-element-2b75e167 elementor-widget elementor-widget-text-editor\" data-id=\"2b75e167\" data-element_type=\"widget\" data-widget_type=\"text-editor.default\">\n\t\t\t\t<div class=\"elementor-widget-container\">\n\t\t\t\t\t\t\t<!-- wp:paragraph -->\n<p>Composition du Gouvernement Bernard GOMOU :<\/p>\n<!-- \/wp:paragraph --><!-- wp:paragraph -->\n<ol>\n<li>Premier ministre, Chef du gouvernement : BERNARD GOMOU<!-- \/wp:paragraph --><!-- wp:paragraph --><\/li>\n<li>Ministre d\u00e9l\u00e9gu\u00e9 \u00e0 la pr\u00e9sidence de la R\u00e9publique, charg\u00e9 de la D\u00e9fense Nationale\u00a0: ABOUBACAR SIDIKI CAMARA<!-- \/wp:paragraph --><!-- wp:paragraph --><\/li>\n<li>Garde des Sceaux, Ministre de la Justice et des Droits de l&#8217;Homme\u00a0: ALPHONSE CHARLES WRIGHT<!-- \/wp:paragraph --><!-- wp:paragraph --><\/li>\n<li>Ministre de la Culture, du Tourisme et de l&#8217;Artisanat\u00a0: ALPHA SOUMAH<!-- \/wp:paragraph --><!-- wp:paragraph --><\/li>\n<li>Ministre des Infrastructures et des Transports\u00a0: YAYA SOW<!-- \/wp:paragraph --><!-- wp:paragraph --><\/li>\n<li>Ministre de la Sant\u00e9 et de l&#8217;Hygi\u00e8ne Publique\u00a0: MAMADOU PATHE DIALLO<!-- \/wp:paragraph --><!-- wp:paragraph --><\/li>\n<li>Ministre de l&#8217;Environnement et du D\u00e9veloppement Durable\u00a0: LOUOPOU LAMAH<!-- \/wp:paragraph --><!-- wp:paragraph --><\/li>\n<li>Ministre de l&#8217;Administration du Territoire et de la D\u00e9centralisation\u00a0: MORY CONDE<!-- \/wp:paragraph --><!-- wp:paragraph --><\/li>\n<li>Ministre de l&#8217;Enseignement Sup\u00e9rieur, de la Recherche scientifique et de l&#8217;Innovation\u00a0: DIAKA SIDIBE<!-- \/wp:paragraph --><!-- wp:paragraph --><\/li>\n<li>Ministre des Mines et de la G\u00e9ologie\u00a0: MOUSSA MAGASSOUBA<!-- \/wp:paragraph --><!-- wp:paragraph --><\/li>\n<li>Porte-parole de gouvernement, Ministre de l\u2019Urbanisme, de l&#8217;habitat et de l&#8217;Am\u00e9nagement du territoire\u00a0: OUSMANE GAOUAL DIALLO<!-- \/wp:paragraph --><!-- wp:paragraph --><\/li>\n<li>Ministre de la Jeunesse et des Sports\u00a0: LANSANA BEA DIALLO<!-- \/wp:paragraph --><!-- wp:paragraph --><\/li>\n<li>Ministre des Postes, des T\u00e9l\u00e9coms et de l\u2019\u00c9conomie Num\u00e9rique\u00a0: AMINATA KABA<!-- \/wp:paragraph --><!-- wp:paragraph --><\/li>\n<li>Ministre de l\u2019\u00c9conomie, des Finances et du Plan\u00a0: LANCINE CONDE<!-- \/wp:paragraph --><!-- wp:paragraph --><\/li>\n<li>Ministre du Budget\u00a0: MOUSSA CISSE<!-- \/wp:paragraph --><!-- wp:paragraph --><\/li>\n<li>Ministre du Travail et de la Fonction Publique\u00a0: JULIEN YOMBOUNO<!-- \/wp:paragraph --><!-- wp:paragraph --><\/li>\n<li>Ministre de la S\u00e9curit\u00e9 et de la Protection Civile\u00a0: GENERAL BACHIR DIALLO<!-- \/wp:paragraph --><!-- wp:paragraph --><\/li>\n<li>Ministre du Commerce, de l&#8217;Industrie et des Petites et Moyennes Entreprises\u00a0: BERNARD GOMOU<!-- \/wp:paragraph --><!-- wp:paragraph --><\/li>\n<li>Ministre de la Promotion F\u00e9minine, de l&#8217;Enfance et des Personnes Vuln\u00e9rables\u00a0: AICHA NANETTE CONTE<!-- \/wp:paragraph --><!-- wp:paragraph --><\/li>\n<li>Ministre de l&#8217;Enseignement Pr\u00e9-Universitaire et de l&#8217;Alphab\u00e9tisation\u00a0: GUILLAUME HAWING<!-- \/wp:paragraph --><!-- wp:paragraph --><\/li>\n<li>Ministre de l&#8217;Enseignement Technique et de la Formation Professionnelle\u00a0: ALPHA BACAR BARRY<!-- \/wp:paragraph --><!-- wp:paragraph --><\/li>\n<li>Ministre des Affaires \u00c9trang\u00e8res, de la Coop\u00e9ration Internationale, de l&#8217;Int\u00e9gration Africaine et des Guin\u00e9ens de l&#8217;\u00c9tranger\u00a0: MORY SANDAN KOUYATE<!-- \/wp:paragraph --><!-- wp:paragraph --><\/li>\n<li>Ministre de l&#8217;Agriculture et de l&#8217;\u00c9levage\u00a0: MAMOUDOU NAGNALEN BARRY<!-- \/wp:paragraph --><!-- wp:paragraph --><\/li>\n<li>Ministre de la P\u00eache et de l&#8217;\u00c9conomie Maritime\u00a0: CHARLOTTE DAFFE<!-- \/wp:paragraph --><!-- wp:paragraph --><\/li>\n<li>Ministre de l&#8217;Information et de la Communication\u00a0: ROSE POLA PRICEMOU<!-- \/wp:paragraph --><!-- wp:paragraph --><\/li>\n<li>Ministre de l&#8217;\u00c9nergie, de l&#8217;Hydraulique et des Hydrocarbures\u00a0: IBRAHIMA ABE SYLLA<!-- \/wp:paragraph --><!-- wp:paragraph --><\/li>\n<li>Ministre Secr\u00e9taire G\u00e9n\u00e9ral du Gouvernement\u00a0: ABDOURAHMANE SIKHE CAMARA<\/li>\n<\/ol>\n<!-- \/wp:paragraph --><!-- wp:paragraph --><!-- \/wp:paragraph --><!-- wp:paragraph --><!-- \/wp:list -->\t\t\t\t\t\t<\/div>\n\t\t\t\t<\/div>\n\t\t\t\t\t<\/div>\n\t\t<\/div>\n\t\t\t\t\t\t\t<\/div>\n\t\t<\/section>\n\t\t\t\t\t\t\t<\/div>\n\t\t","protected":false},"excerpt":{"rendered":"<p>Composition du Gouvernement Bernard GOMOU : Premier ministre, Chef du gouvernement : BERNARD GOMOU Ministre d\u00e9l\u00e9gu\u00e9 \u00e0 la pr\u00e9sidence de la R\u00e9publique, charg\u00e9 de la D\u00e9fense Nationale\u00a0: ABOUBACAR SIDIKI CAMARA Garde des Sceaux, Ministre de la Justice et des Droits de l&#8217;Homme\u00a0: ALPHONSE CHARLES WRIGHT Ministre de la Culture, du Tourisme et de l&#8217;Artisanat\u00a0: ALPHA &hellip;<\/p>\n","protected":false},"author":1,"featured_media":0,"parent":0,"menu_order":0,"comment_status":"closed","ping_status":"closed","template":"","meta":[],"_links":{"self":[{"href":"https:\/\/lr.ambaguinee.org\/index.php?rest_route=\/wp\/v2\/pages\/6333"}],"collection":[{"href":"https:\/\/lr.ambaguinee.org\/index.php?rest_route=\/wp\/v2\/pages"}],"about":[{"href":"https:\/\/lr.ambaguinee.org\/index.php?rest_route=\/wp\/v2\/types\/page"}],"author":[{"embeddable":true,"href":"https:\/\/lr.ambaguinee.org\/index.php?rest_route=\/wp\/v2\/users\/1"}],"replies":[{"embeddable":true,"href":"https:\/\/lr.ambaguinee.org\/index.php?rest_route=%2Fwp%2Fv2%2Fcomments&post=6333"}],"version-history":[{"count":4,"href":"https:\/\/lr.ambaguinee.org\/index.php?rest_route=\/wp\/v2\/pages\/6333\/revisions"}],"predecessor-version":[{"id":31580,"href":"https:\/\/lr.ambaguinee.org\/index.php?rest_route=\/wp\/v2\/pages\/6333\/revisions\/31580"}],"wp:attachment":[{"href":"https:\/\/lr.ambaguinee.org\/index.php?rest_route=%2Fwp%2Fv2%2Fmedia&parent=6333"}],"curies":[{"name":"wp","href":"https:\/\/api.w.org\/{rel}","templated":true}]}}