{"id":6322,"date":"2021-05-03T00:21:41","date_gmt":"2021-05-02T22:21:41","guid":{"rendered":"https:\/\/lr.ambaguinee.org\/?page_id=6322"},"modified":"2022-08-28T01:40:46","modified_gmt":"2022-08-27T23:40:46","slug":"mes-demarches","status":"publish","type":"page","link":"https:\/\/lr.ambaguinee.org\/?page_id=6322","title":{"rendered":"Mes d\u00e9marches au Lib\u00e9ria"},"content":{"rendered":"\n<h1><\/h1>\n\n\n<div class=\"wp-block-image\">\n<figure class=\"aligncenter size-large\"><img loading=\"lazy\" width=\"1024\" height=\"439\" src=\"https:\/\/lr.ambaguinee.org\/wp-content\/uploads\/2022\/08\/Demarches_Administratives-1024x439.jpeg\" alt=\"\" class=\"wp-image-31670\" srcset=\"https:\/\/lr.ambaguinee.org\/wp-content\/uploads\/2022\/08\/Demarches_Administratives-1024x439.jpeg 1024w, https:\/\/lr.ambaguinee.org\/wp-content\/uploads\/2022\/08\/Demarches_Administratives-300x129.jpeg 300w, https:\/\/lr.ambaguinee.org\/wp-content\/uploads\/2022\/08\/Demarches_Administratives-768x329.jpeg 768w, https:\/\/lr.ambaguinee.org\/wp-content\/uploads\/2022\/08\/Demarches_Administratives-1536x658.jpeg 1536w, https:\/\/lr.ambaguinee.org\/wp-content\/uploads\/2022\/08\/Demarches_Administratives.jpeg 2000w\" sizes=\"(max-width: 1024px) 100vw, 1024px\" \/><\/figure><\/div>\n\n\n<p>Liens utiles pour les d\u00e9marches au Lib\u00e9ria :<\/p>\n\n\n\n<ul><li><a href=\"https:\/\/www.service-public.fr\/particuliers\/vosdroits\/N19804\">https:\/\/www.service-public.fr\/particuliers\/vosdroits\/N19804<\/a><\/li><li><a href=\"https:\/\/www.service-public.fr\/particuliers\/vosdroits\/N105\">Entrer en France<\/a><\/li><li><a href=\"https:\/\/www.service-public.fr\/particuliers\/vosdroits\/N11165\">Regroupement familial<\/a><\/li><li><a href=\"https:\/\/www.service-public.fr\/particuliers\/vosdroits\/N106\">Demande d\u2019asile (r\u00e9fugi\u00e9, apatride\u2026)<\/a><\/li><li><a href=\"https:\/\/www.service-public.fr\/particuliers\/vosdroits\/N107\">Travailler en France<\/a><\/li><li><a href=\"https:\/\/www.service-public.fr\/particuliers\/vosdroits\/N110\">Titre de s\u00e9jour et document de circulation<\/a><\/li><li><a href=\"https:\/\/www.service-public.fr\/particuliers\/vosdroits\/N111\">Nationalit\u00e9 fran\u00e7aise<\/a><\/li><li><a href=\"https:\/\/www.service-public.fr\/particuliers\/vosdroits\/N109\">\u00c9loignement (expulsion, OQTF\u2026)<\/a><\/li><\/ul>\n","protected":false},"excerpt":{"rendered":"<p>Liens utiles pour les d\u00e9marches au Lib\u00e9ria : https:\/\/www.service-public.fr\/particuliers\/vosdroits\/N19804 Entrer en France Regroupement familial Demande d\u2019asile (r\u00e9fugi\u00e9, apatride\u2026) Travailler en France Titre de s\u00e9jour et document de circulation Nationalit\u00e9 fran\u00e7aise \u00c9loignement (expulsion, OQTF\u2026)<\/p>\n","protected":false},"author":1,"featured_media":0,"parent":0,"menu_order":0,"comment_status":"closed","ping_status":"closed","template":"","meta":[],"_links":{"self":[{"href":"https:\/\/lr.ambaguinee.org\/index.php?rest_route=\/wp\/v2\/pages\/6322"}],"collection":[{"href":"https:\/\/lr.ambaguinee.org\/index.php?rest_route=\/wp\/v2\/pages"}],"about":[{"href":"https:\/\/lr.ambaguinee.org\/index.php?rest_route=\/wp\/v2\/types\/page"}],"author":[{"embeddable":true,"href":"https:\/\/lr.ambaguinee.org\/index.php?rest_route=\/wp\/v2\/users\/1"}],"replies":[{"embeddable":true,"href":"https:\/\/lr.ambaguinee.org\/index.php?rest_route=%2Fwp%2Fv2%2Fcomments&post=6322"}],"version-history":[{"count":16,"href":"https:\/\/lr.ambaguinee.org\/index.php?rest_route=\/wp\/v2\/pages\/6322\/revisions"}],"predecessor-version":[{"id":31671,"href":"https:\/\/lr.ambaguinee.org\/index.php?rest_route=\/wp\/v2\/pages\/6322\/revisions\/31671"}],"wp:attachment":[{"href":"https:\/\/lr.ambaguinee.org\/index.php?rest_route=%2Fwp%2Fv2%2Fmedia&parent=6322"}],"curies":[{"name":"wp","href":"https:\/\/api.w.org\/{rel}","templated":true}]}}