{"id":6018,"date":"2021-05-02T03:44:24","date_gmt":"2021-05-02T01:44:24","guid":{"rendered":"https:\/\/lr.ambaguinee.org\/?page_id=6018"},"modified":"2021-05-02T03:44:24","modified_gmt":"2021-05-02T01:44:24","slug":"diplomatie-et-politique-etrangere","status":"publish","type":"page","link":"https:\/\/lr.ambaguinee.org\/?page_id=6018","title":{"rendered":"Diplomatie et Politique \u00e9trang\u00e8re"},"content":{"rendered":"\n<figure class=\"wp-container-2 wp-block-gallery-1 wp-block-gallery columns-3 is-cropped\"><ul class=\"blocks-gallery-grid\"><li class=\"blocks-gallery-item\"><figure><img loading=\"lazy\" width=\"678\" height=\"381\" src=\"https:\/\/lr.ambaguinee.org\/wp-content\/uploads\/2021\/05\/Alpha-Conde-president-de-lUA-1.jpg\" alt=\"\" data-id=\"6036\" data-full-url=\"https:\/\/lr.ambaguinee.org\/wp-content\/uploads\/2021\/05\/Alpha-Conde-president-de-lUA-1.jpg\" data-link=\"https:\/\/lr.ambaguinee.org\/?attachment_id=6036\" class=\"wp-image-6036\" srcset=\"https:\/\/lr.ambaguinee.org\/wp-content\/uploads\/2021\/05\/Alpha-Conde-president-de-lUA-1.jpg 678w, https:\/\/lr.ambaguinee.org\/wp-content\/uploads\/2021\/05\/Alpha-Conde-president-de-lUA-1-300x169.jpg 300w\" sizes=\"(max-width: 678px) 100vw, 678px\" \/><figcaption class=\"blocks-gallery-item__caption\">Passation de pouvoir \u00e0 la pr\u00e9sidence de l\u2019UA<\/figcaption><\/figure><\/li><li class=\"blocks-gallery-item\"><figure><img loading=\"lazy\" width=\"770\" height=\"539\" src=\"https:\/\/lr.ambaguinee.org\/wp-content\/uploads\/2021\/05\/Alpha-Conde-G7-1.jpg\" alt=\"\" data-id=\"6022\" data-full-url=\"https:\/\/lr.ambaguinee.org\/wp-content\/uploads\/2021\/05\/Alpha-Conde-G7-1.jpg\" data-link=\"https:\/\/lr.ambaguinee.org\/?attachment_id=6022\" class=\"wp-image-6022\" srcset=\"https:\/\/lr.ambaguinee.org\/wp-content\/uploads\/2021\/05\/Alpha-Conde-G7-1.jpg 770w, https:\/\/lr.ambaguinee.org\/wp-content\/uploads\/2021\/05\/Alpha-Conde-G7-1-300x210.jpg 300w, https:\/\/lr.ambaguinee.org\/wp-content\/uploads\/2021\/05\/Alpha-Conde-G7-1-768x538.jpg 768w\" sizes=\"(max-width: 770px) 100vw, 770px\" \/><figcaption class=\"blocks-gallery-item__caption\">G20<\/figcaption><\/figure><\/li><li class=\"blocks-gallery-item\"><figure><img loading=\"lazy\" width=\"1024\" height=\"655\" src=\"https:\/\/lr.ambaguinee.org\/wp-content\/uploads\/2021\/05\/Alpha-Conde-Kagame-3-1.jpg\" alt=\"\" data-id=\"6023\" data-full-url=\"https:\/\/lr.ambaguinee.org\/wp-content\/uploads\/2021\/05\/Alpha-Conde-Kagame-3-1.jpg\" data-link=\"https:\/\/lr.ambaguinee.org\/?attachment_id=6023\" class=\"wp-image-6023\" srcset=\"https:\/\/lr.ambaguinee.org\/wp-content\/uploads\/2021\/05\/Alpha-Conde-Kagame-3-1.jpg 1024w, https:\/\/lr.ambaguinee.org\/wp-content\/uploads\/2021\/05\/Alpha-Conde-Kagame-3-1-300x192.jpg 300w, https:\/\/lr.ambaguinee.org\/wp-content\/uploads\/2021\/05\/Alpha-Conde-Kagame-3-1-768x491.jpg 768w\" sizes=\"(max-width: 1024px) 100vw, 1024px\" \/><figcaption class=\"blocks-gallery-item__caption\">Passation de Pouvoir au Pr\u00e9sident Kagam\u00e9<\/figcaption><\/figure><\/li><li class=\"blocks-gallery-item\"><figure><img loading=\"lazy\" width=\"720\" height=\"480\" src=\"https:\/\/lr.ambaguinee.org\/wp-content\/uploads\/2021\/05\/Alpha-Conde-Macron-2-1.jpg\" alt=\"\" data-id=\"6024\" data-full-url=\"https:\/\/lr.ambaguinee.org\/wp-content\/uploads\/2021\/05\/Alpha-Conde-Macron-2-1.jpg\" data-link=\"https:\/\/lr.ambaguinee.org\/?attachment_id=6024\" class=\"wp-image-6024\" srcset=\"https:\/\/lr.ambaguinee.org\/wp-content\/uploads\/2021\/05\/Alpha-Conde-Macron-2-1.jpg 720w, https:\/\/lr.ambaguinee.org\/wp-content\/uploads\/2021\/05\/Alpha-Conde-Macron-2-1-300x200.jpg 300w\" sizes=\"(max-width: 720px) 100vw, 720px\" \/><figcaption class=\"blocks-gallery-item__caption\">Rencontre avec le Pr\u00e9sident Macron<\/figcaption><\/figure><\/li><li class=\"blocks-gallery-item\"><figure><img loading=\"lazy\" width=\"960\" height=\"640\" src=\"https:\/\/lr.ambaguinee.org\/wp-content\/uploads\/2021\/05\/Alpha-Conde-Macron-1.jpg\" alt=\"\" data-id=\"6025\" data-full-url=\"https:\/\/lr.ambaguinee.org\/wp-content\/uploads\/2021\/05\/Alpha-Conde-Macron-1.jpg\" data-link=\"https:\/\/lr.ambaguinee.org\/?attachment_id=6025\" class=\"wp-image-6025\" srcset=\"https:\/\/lr.ambaguinee.org\/wp-content\/uploads\/2021\/05\/Alpha-Conde-Macron-1.jpg 960w, https:\/\/lr.ambaguinee.org\/wp-content\/uploads\/2021\/05\/Alpha-Conde-Macron-1-300x200.jpg 300w, https:\/\/lr.ambaguinee.org\/wp-content\/uploads\/2021\/05\/Alpha-Conde-Macron-1-768x512.jpg 768w\" sizes=\"(max-width: 960px) 100vw, 960px\" \/><figcaption class=\"blocks-gallery-item__caption\">Conf\u00e9rence de presse \u00e0 l\u2019Elys\u00e9e<\/figcaption><\/figure><\/li><li class=\"blocks-gallery-item\"><figure><img loading=\"lazy\" width=\"660\" height=\"330\" src=\"https:\/\/lr.ambaguinee.org\/wp-content\/uploads\/2021\/05\/Alpha-Conde-Mohamed-VI-1.png\" alt=\"\" data-id=\"6026\" data-full-url=\"https:\/\/lr.ambaguinee.org\/wp-content\/uploads\/2021\/05\/Alpha-Conde-Mohamed-VI-1.png\" data-link=\"https:\/\/lr.ambaguinee.org\/?attachment_id=6026\" class=\"wp-image-6026\" srcset=\"https:\/\/lr.ambaguinee.org\/wp-content\/uploads\/2021\/05\/Alpha-Conde-Mohamed-VI-1.png 660w, https:\/\/lr.ambaguinee.org\/wp-content\/uploads\/2021\/05\/Alpha-Conde-Mohamed-VI-1-300x150.png 300w\" sizes=\"(max-width: 660px) 100vw, 660px\" \/><figcaption class=\"blocks-gallery-item__caption\">\u00eate \u00e0 t\u00eate avec sa Majest\u00e9 le Roi Mohamed VI<\/figcaption><\/figure><\/li><li class=\"blocks-gallery-item\"><figure><img loading=\"lazy\" width=\"658\" height=\"509\" src=\"https:\/\/lr.ambaguinee.org\/wp-content\/uploads\/2021\/05\/Alpha-Conde-ONU-1.jpg\" alt=\"\" data-id=\"6019\" data-full-url=\"https:\/\/lr.ambaguinee.org\/wp-content\/uploads\/2021\/05\/Alpha-Conde-ONU-1.jpg\" data-link=\"https:\/\/lr.ambaguinee.org\/?attachment_id=6019\" class=\"wp-image-6019\" srcset=\"https:\/\/lr.ambaguinee.org\/wp-content\/uploads\/2021\/05\/Alpha-Conde-ONU-1.jpg 658w, https:\/\/lr.ambaguinee.org\/wp-content\/uploads\/2021\/05\/Alpha-Conde-ONU-1-300x232.jpg 300w\" sizes=\"(max-width: 658px) 100vw, 658px\" \/><figcaption class=\"blocks-gallery-item__caption\">Le pr\u00e9sident guin\u00e9en Alpha Cond\u00e9 s&#8217;adresse \u00e0 la 66e Assembl\u00e9e g\u00e9n\u00e9rale des Nations Unies au si\u00e8ge de l&#8217;ONU, \u00e0 New York<\/figcaption><\/figure><\/li><li class=\"blocks-gallery-item\"><figure><img loading=\"lazy\" width=\"630\" height=\"300\" src=\"https:\/\/lr.ambaguinee.org\/wp-content\/uploads\/2021\/05\/Alpha-Conde-Ouattara-2-1.jpg\" alt=\"\" data-id=\"6027\" data-full-url=\"https:\/\/lr.ambaguinee.org\/wp-content\/uploads\/2021\/05\/Alpha-Conde-Ouattara-2-1.jpg\" data-link=\"https:\/\/lr.ambaguinee.org\/?attachment_id=6027\" class=\"wp-image-6027\" srcset=\"https:\/\/lr.ambaguinee.org\/wp-content\/uploads\/2021\/05\/Alpha-Conde-Ouattara-2-1.jpg 630w, https:\/\/lr.ambaguinee.org\/wp-content\/uploads\/2021\/05\/Alpha-Conde-Ouattara-2-1-300x143.jpg 300w\" sizes=\"(max-width: 630px) 100vw, 630px\" \/><figcaption class=\"blocks-gallery-item__caption\">Rencontre avec le Pr\u00e9sident Ouattara<\/figcaption><\/figure><\/li><li class=\"blocks-gallery-item\"><figure><img loading=\"lazy\" width=\"720\" height=\"480\" src=\"https:\/\/lr.ambaguinee.org\/wp-content\/uploads\/2021\/05\/Alpha-Conde-Ouattara-1.jpg\" alt=\"\" data-id=\"6028\" data-full-url=\"https:\/\/lr.ambaguinee.org\/wp-content\/uploads\/2021\/05\/Alpha-Conde-Ouattara-1.jpg\" data-link=\"https:\/\/lr.ambaguinee.org\/?attachment_id=6028\" class=\"wp-image-6028\" srcset=\"https:\/\/lr.ambaguinee.org\/wp-content\/uploads\/2021\/05\/Alpha-Conde-Ouattara-1.jpg 720w, https:\/\/lr.ambaguinee.org\/wp-content\/uploads\/2021\/05\/Alpha-Conde-Ouattara-1-300x200.jpg 300w\" sizes=\"(max-width: 720px) 100vw, 720px\" \/><figcaption class=\"blocks-gallery-item__caption\">Accueil du Pr\u00e9sident Ouattara<\/figcaption><\/figure><\/li><li class=\"blocks-gallery-item\"><figure><img loading=\"lazy\" width=\"400\" height=\"247\" src=\"https:\/\/lr.ambaguinee.org\/wp-content\/uploads\/2021\/05\/Alpha-Conde-Poutine-3-1.jpg\" alt=\"\" data-id=\"6029\" data-full-url=\"https:\/\/lr.ambaguinee.org\/wp-content\/uploads\/2021\/05\/Alpha-Conde-Poutine-3-1.jpg\" data-link=\"https:\/\/lr.ambaguinee.org\/?attachment_id=6029\" class=\"wp-image-6029\" srcset=\"https:\/\/lr.ambaguinee.org\/wp-content\/uploads\/2021\/05\/Alpha-Conde-Poutine-3-1.jpg 400w, https:\/\/lr.ambaguinee.org\/wp-content\/uploads\/2021\/05\/Alpha-Conde-Poutine-3-1-300x185.jpg 300w\" sizes=\"(max-width: 400px) 100vw, 400px\" \/><figcaption class=\"blocks-gallery-item__caption\">Visite d\u2019Etat en Russie<\/figcaption><\/figure><\/li><li class=\"blocks-gallery-item\"><figure><img loading=\"lazy\" width=\"991\" height=\"592\" src=\"https:\/\/lr.ambaguinee.org\/wp-content\/uploads\/2021\/05\/Alpha-Conde-Poutine-1.png\" alt=\"\" data-id=\"6030\" data-full-url=\"https:\/\/lr.ambaguinee.org\/wp-content\/uploads\/2021\/05\/Alpha-Conde-Poutine-1.png\" data-link=\"https:\/\/lr.ambaguinee.org\/?attachment_id=6030\" class=\"wp-image-6030\" srcset=\"https:\/\/lr.ambaguinee.org\/wp-content\/uploads\/2021\/05\/Alpha-Conde-Poutine-1.png 991w, https:\/\/lr.ambaguinee.org\/wp-content\/uploads\/2021\/05\/Alpha-Conde-Poutine-1-300x179.png 300w, https:\/\/lr.ambaguinee.org\/wp-content\/uploads\/2021\/05\/Alpha-Conde-Poutine-1-768x459.png 768w\" sizes=\"(max-width: 991px) 100vw, 991px\" \/><figcaption class=\"blocks-gallery-item__caption\">R\u00e9ception par le Pr\u00e9sident Poutine<\/figcaption><\/figure><\/li><li class=\"blocks-gallery-item\"><figure><img loading=\"lazy\" width=\"960\" height=\"640\" src=\"https:\/\/lr.ambaguinee.org\/wp-content\/uploads\/2021\/05\/Alpha-Conde-Sommet-UA-1.jpg\" alt=\"\" data-id=\"6031\" data-full-url=\"https:\/\/lr.ambaguinee.org\/wp-content\/uploads\/2021\/05\/Alpha-Conde-Sommet-UA-1.jpg\" data-link=\"https:\/\/lr.ambaguinee.org\/?attachment_id=6031\" class=\"wp-image-6031\" srcset=\"https:\/\/lr.ambaguinee.org\/wp-content\/uploads\/2021\/05\/Alpha-Conde-Sommet-UA-1.jpg 960w, https:\/\/lr.ambaguinee.org\/wp-content\/uploads\/2021\/05\/Alpha-Conde-Sommet-UA-1-300x200.jpg 300w, https:\/\/lr.ambaguinee.org\/wp-content\/uploads\/2021\/05\/Alpha-Conde-Sommet-UA-1-768x512.jpg 768w\" sizes=\"(max-width: 960px) 100vw, 960px\" \/><figcaption class=\"blocks-gallery-item__caption\">UA<\/figcaption><\/figure><\/li><li class=\"blocks-gallery-item\"><figure><img loading=\"lazy\" width=\"600\" height=\"372\" src=\"https:\/\/lr.ambaguinee.org\/wp-content\/uploads\/2021\/05\/Alpha-Conde-Hollande-2-1.jpg\" alt=\"\" data-id=\"6032\" data-full-url=\"https:\/\/lr.ambaguinee.org\/wp-content\/uploads\/2021\/05\/Alpha-Conde-Hollande-2-1.jpg\" data-link=\"https:\/\/lr.ambaguinee.org\/?attachment_id=6032\" class=\"wp-image-6032\" srcset=\"https:\/\/lr.ambaguinee.org\/wp-content\/uploads\/2021\/05\/Alpha-Conde-Hollande-2-1.jpg 600w, https:\/\/lr.ambaguinee.org\/wp-content\/uploads\/2021\/05\/Alpha-Conde-Hollande-2-1-300x186.jpg 300w\" sizes=\"(max-width: 600px) 100vw, 600px\" \/><figcaption class=\"blocks-gallery-item__caption\">Visite d\u2019\u00e9tat \u00e0 Paris<\/figcaption><\/figure><\/li><li class=\"blocks-gallery-item\"><figure><img loading=\"lazy\" width=\"478\" height=\"251\" src=\"https:\/\/lr.ambaguinee.org\/wp-content\/uploads\/2021\/05\/Alpha-Conde-Hollande-1.jpg\" alt=\"\" data-id=\"6020\" data-full-url=\"https:\/\/lr.ambaguinee.org\/wp-content\/uploads\/2021\/05\/Alpha-Conde-Hollande-1.jpg\" data-link=\"https:\/\/lr.ambaguinee.org\/?attachment_id=6020\" class=\"wp-image-6020\" srcset=\"https:\/\/lr.ambaguinee.org\/wp-content\/uploads\/2021\/05\/Alpha-Conde-Hollande-1.jpg 478w, https:\/\/lr.ambaguinee.org\/wp-content\/uploads\/2021\/05\/Alpha-Conde-Hollande-1-300x158.jpg 300w\" sizes=\"(max-width: 478px) 100vw, 478px\" \/><figcaption class=\"blocks-gallery-item__caption\">T\u00eate \u00e0 t\u00eate avec le Pr\u00e9sident Fran\u00e7ois Hollande<\/figcaption><\/figure><\/li><li class=\"blocks-gallery-item\"><figure><img loading=\"lazy\" width=\"490\" height=\"276\" src=\"https:\/\/lr.ambaguinee.org\/wp-content\/uploads\/2021\/05\/Alpha-Conde-Kagame-1.jpg\" alt=\"\" data-id=\"6033\" data-full-url=\"https:\/\/lr.ambaguinee.org\/wp-content\/uploads\/2021\/05\/Alpha-Conde-Kagame-1.jpg\" data-link=\"https:\/\/lr.ambaguinee.org\/?attachment_id=6033\" class=\"wp-image-6033\" srcset=\"https:\/\/lr.ambaguinee.org\/wp-content\/uploads\/2021\/05\/Alpha-Conde-Kagame-1.jpg 490w, https:\/\/lr.ambaguinee.org\/wp-content\/uploads\/2021\/05\/Alpha-Conde-Kagame-1-300x169.jpg 300w\" sizes=\"(max-width: 490px) 100vw, 490px\" \/><figcaption class=\"blocks-gallery-item__caption\">A l\u2019UA avec le Pr\u00e9sident Paul Kagam\u00e9<\/figcaption><\/figure><\/li><li class=\"blocks-gallery-item\"><figure><img loading=\"lazy\" width=\"660\" height=\"287\" src=\"https:\/\/lr.ambaguinee.org\/wp-content\/uploads\/2021\/05\/Alpha-Conde-Merkel-3-1.jpg\" alt=\"\" data-id=\"6034\" data-full-url=\"https:\/\/lr.ambaguinee.org\/wp-content\/uploads\/2021\/05\/Alpha-Conde-Merkel-3-1.jpg\" data-link=\"https:\/\/lr.ambaguinee.org\/?attachment_id=6034\" class=\"wp-image-6034\" srcset=\"https:\/\/lr.ambaguinee.org\/wp-content\/uploads\/2021\/05\/Alpha-Conde-Merkel-3-1.jpg 660w, https:\/\/lr.ambaguinee.org\/wp-content\/uploads\/2021\/05\/Alpha-Conde-Merkel-3-1-300x130.jpg 300w, https:\/\/lr.ambaguinee.org\/wp-content\/uploads\/2021\/05\/Alpha-Conde-Merkel-3-1-411x180.jpg 411w\" sizes=\"(max-width: 660px) 100vw, 660px\" \/><figcaption class=\"blocks-gallery-item__caption\">Echange poilitique avec la Chanceli\u00e8re Angela Merkel<\/figcaption><\/figure><\/li><li class=\"blocks-gallery-item\"><figure><img loading=\"lazy\" width=\"800\" height=\"552\" src=\"https:\/\/lr.ambaguinee.org\/wp-content\/uploads\/2021\/05\/Alpha-Conde-a-lUA-1.jpg\" alt=\"\" data-id=\"6035\" data-full-url=\"https:\/\/lr.ambaguinee.org\/wp-content\/uploads\/2021\/05\/Alpha-Conde-a-lUA-1.jpg\" data-link=\"https:\/\/lr.ambaguinee.org\/?attachment_id=6035\" class=\"wp-image-6035\" srcset=\"https:\/\/lr.ambaguinee.org\/wp-content\/uploads\/2021\/05\/Alpha-Conde-a-lUA-1.jpg 800w, https:\/\/lr.ambaguinee.org\/wp-content\/uploads\/2021\/05\/Alpha-Conde-a-lUA-1-300x207.jpg 300w, https:\/\/lr.ambaguinee.org\/wp-content\/uploads\/2021\/05\/Alpha-Conde-a-lUA-1-768x530.jpg 768w\" sizes=\"(max-width: 800px) 100vw, 800px\" \/><figcaption class=\"blocks-gallery-item__caption\">Pr\u00e9sidence de l\u2019UA<\/figcaption><\/figure><\/li><li class=\"blocks-gallery-item\"><figure><img loading=\"lazy\" width=\"777\" height=\"437\" src=\"https:\/\/lr.ambaguinee.org\/wp-content\/uploads\/2021\/05\/Alpha-Conde-1.jpg\" alt=\"\" data-id=\"6037\" data-full-url=\"https:\/\/lr.ambaguinee.org\/wp-content\/uploads\/2021\/05\/Alpha-Conde-1.jpg\" data-link=\"https:\/\/lr.ambaguinee.org\/?attachment_id=6037\" class=\"wp-image-6037\" srcset=\"https:\/\/lr.ambaguinee.org\/wp-content\/uploads\/2021\/05\/Alpha-Conde-1.jpg 777w, https:\/\/lr.ambaguinee.org\/wp-content\/uploads\/2021\/05\/Alpha-Conde-1-300x169.jpg 300w, https:\/\/lr.ambaguinee.org\/wp-content\/uploads\/2021\/05\/Alpha-Conde-1-768x432.jpg 768w\" sizes=\"(max-width: 777px) 100vw, 777px\" \/><figcaption class=\"blocks-gallery-item__caption\">Son Excellence PRAC<\/figcaption><\/figure><\/li><li class=\"blocks-gallery-item\"><figure><img loading=\"lazy\" width=\"1023\" height=\"578\" src=\"https:\/\/lr.ambaguinee.org\/wp-content\/uploads\/2021\/05\/Sommet-UA-1.jpg\" alt=\"\" data-id=\"6038\" data-full-url=\"https:\/\/lr.ambaguinee.org\/wp-content\/uploads\/2021\/05\/Sommet-UA-1.jpg\" data-link=\"https:\/\/lr.ambaguinee.org\/?attachment_id=6038\" class=\"wp-image-6038\" srcset=\"https:\/\/lr.ambaguinee.org\/wp-content\/uploads\/2021\/05\/Sommet-UA-1.jpg 1023w, https:\/\/lr.ambaguinee.org\/wp-content\/uploads\/2021\/05\/Sommet-UA-1-300x170.jpg 300w, https:\/\/lr.ambaguinee.org\/wp-content\/uploads\/2021\/05\/Sommet-UA-1-768x434.jpg 768w\" sizes=\"(max-width: 1023px) 100vw, 1023px\" \/><figcaption class=\"blocks-gallery-item__caption\">Sommet de l\u2019UA<\/figcaption><\/figure><\/li><\/ul><\/figure>\n","protected":false},"excerpt":{"rendered":"","protected":false},"author":1,"featured_media":0,"parent":0,"menu_order":0,"comment_status":"closed","ping_status":"closed","template":"","meta":[],"_links":{"self":[{"href":"https:\/\/lr.ambaguinee.org\/index.php?rest_route=\/wp\/v2\/pages\/6018"}],"collection":[{"href":"https:\/\/lr.ambaguinee.org\/index.php?rest_route=\/wp\/v2\/pages"}],"about":[{"href":"https:\/\/lr.ambaguinee.org\/index.php?rest_route=\/wp\/v2\/types\/page"}],"author":[{"embeddable":true,"href":"https:\/\/lr.ambaguinee.org\/index.php?rest_route=\/wp\/v2\/users\/1"}],"replies":[{"embeddable":true,"href":"https:\/\/lr.ambaguinee.org\/index.php?rest_route=%2Fwp%2Fv2%2Fcomments&post=6018"}],"version-history":[{"count":1,"href":"https:\/\/lr.ambaguinee.org\/index.php?rest_route=\/wp\/v2\/pages\/6018\/revisions"}],"predecessor-version":[{"id":6039,"href":"https:\/\/lr.ambaguinee.org\/index.php?rest_route=\/wp\/v2\/pages\/6018\/revisions\/6039"}],"wp:attachment":[{"href":"https:\/\/lr.ambaguinee.org\/index.php?rest_route=%2Fwp%2Fv2%2Fmedia&parent=6018"}],"curies":[{"name":"wp","href":"https:\/\/api.w.org\/{rel}","templated":true}]}}