{"id":5897,"date":"2021-05-01T23:11:57","date_gmt":"2021-05-01T21:11:57","guid":{"rendered":"https:\/\/lr.ambaguinee.org\/?page_id=5897"},"modified":"2022-08-27T22:52:06","modified_gmt":"2022-08-27T20:52:06","slug":"missions","status":"publish","type":"page","link":"https:\/\/lr.ambaguinee.org\/?page_id=5897","title":{"rendered":"La Mission"},"content":{"rendered":"\t\t<div data-elementor-type=\"wp-page\" data-elementor-id=\"5897\" class=\"elementor elementor-5897\">\n\t\t\t\t\t\t\t\t\t<section class=\"elementor-section elementor-top-section elementor-element elementor-element-5d824443 elementor-section-boxed elementor-section-height-default elementor-section-height-default\" data-id=\"5d824443\" data-element_type=\"section\">\n\t\t\t\t\t\t<div class=\"elementor-container elementor-column-gap-default\">\n\t\t\t\t\t<div class=\"elementor-column elementor-col-100 elementor-top-column elementor-element elementor-element-36148cb6\" data-id=\"36148cb6\" data-element_type=\"column\">\n\t\t\t<div class=\"elementor-widget-wrap elementor-element-populated\">\n\t\t\t\t\t\t\t\t<div class=\"elementor-element elementor-element-4b40278d elementor-widget elementor-widget-text-editor\" data-id=\"4b40278d\" data-element_type=\"widget\" data-widget_type=\"text-editor.default\">\n\t\t\t\t<div class=\"elementor-widget-container\">\n\t\t\t\t\t\t\t<p><!-- wp:paragraph --><\/p>\n<p>La mission de l\u2019Ambassade\u00a0 consiste en la repr\u00e9sentation, la n\u00e9gociation, la protection de nos ressortissants et de leurs biens, l\u2019information et la promotion des int\u00e9r\u00eats du pays de notre et de ses ressortissants. \u00a0<\/p>\n<p>En outre, nous disposons d&#8217;un du Conseil des Guin\u00e9ens du Liberia dont la mission principale est de rassembler tous les guin\u00e9ens de cette juridiction autour d\u2019un id\u00e9al commun en vue de promouvoir leurs int\u00e9r\u00eats individuels et collectifs.<\/p>\n<p><!-- \/wp:list --><\/p>\t\t\t\t\t\t<\/div>\n\t\t\t\t<\/div>\n\t\t\t\t\t<\/div>\n\t\t<\/div>\n\t\t\t\t\t\t\t<\/div>\n\t\t<\/section>\n\t\t\t\t\t\t\t<\/div>\n\t\t","protected":false},"excerpt":{"rendered":"<p>La mission de l\u2019Ambassade\u00a0 consiste en la repr\u00e9sentation, la n\u00e9gociation, la protection de nos ressortissants et de leurs biens, l\u2019information et la promotion des int\u00e9r\u00eats du pays de notre et de ses ressortissants. \u00a0 En outre, nous disposons d&#8217;un du Conseil des Guin\u00e9ens du Liberia dont la mission principale est de rassembler tous les guin\u00e9ens &hellip;<\/p>\n","protected":false},"author":1,"featured_media":0,"parent":0,"menu_order":0,"comment_status":"closed","ping_status":"closed","template":"","meta":[],"_links":{"self":[{"href":"https:\/\/lr.ambaguinee.org\/index.php?rest_route=\/wp\/v2\/pages\/5897"}],"collection":[{"href":"https:\/\/lr.ambaguinee.org\/index.php?rest_route=\/wp\/v2\/pages"}],"about":[{"href":"https:\/\/lr.ambaguinee.org\/index.php?rest_route=\/wp\/v2\/types\/page"}],"author":[{"embeddable":true,"href":"https:\/\/lr.ambaguinee.org\/index.php?rest_route=\/wp\/v2\/users\/1"}],"replies":[{"embeddable":true,"href":"https:\/\/lr.ambaguinee.org\/index.php?rest_route=%2Fwp%2Fv2%2Fcomments&post=5897"}],"version-history":[{"count":10,"href":"https:\/\/lr.ambaguinee.org\/index.php?rest_route=\/wp\/v2\/pages\/5897\/revisions"}],"predecessor-version":[{"id":31585,"href":"https:\/\/lr.ambaguinee.org\/index.php?rest_route=\/wp\/v2\/pages\/5897\/revisions\/31585"}],"wp:attachment":[{"href":"https:\/\/lr.ambaguinee.org\/index.php?rest_route=%2Fwp%2Fv2%2Fmedia&parent=5897"}],"curies":[{"name":"wp","href":"https:\/\/api.w.org\/{rel}","templated":true}]}}